{"id":1296,"date":"2023-10-19T15:05:54","date_gmt":"2023-10-19T14:05:54","guid":{"rendered":"https:\/\/www.legartum.sk\/our-team\/mgr-andrea-ondriasova\/"},"modified":"2024-07-24T20:24:58","modified_gmt":"2024-07-24T19:24:58","slug":"mgr-andrea-ondriasova","status":"publish","type":"page","link":"https:\/\/www.legartum.sk\/en\/our-team\/mgr-andrea-ondriasova\/","title":{"rendered":"Mgr. Andrea Ondri\u00e1\u0161ov\u00e1"},"content":{"rendered":"<section class=\"l-section wpb_row pattern pattern-bottom-left-reversed pattern-bottom-right height_large\"><div class=\"l-section-h i-cf\"><div class=\"g-cols vc_row via_grid cols_2 laptops-cols_inherit tablets-cols_inherit mobiles-cols_1 valign_top type_default stacking_default\"><div class=\"wpb_column vc_column_container us_custom_7e20fa79 us_animate_this\"><div class=\"vc_column-inner\"><div class=\"w-image us_custom_4022d4d9 img_full us_animate_this hide_on_tablets hide_on_mobiles align_none\"><div class=\"w-image-h\"><img loading=\"lazy\" decoding=\"async\" width=\"819\" height=\"1024\" src=\"https:\/\/www.legartum.sk\/wp-content\/uploads\/2024\/03\/IMG_0259-819x1024.jpg\" class=\"attachment-large size-large\" alt=\"\" srcset=\"https:\/\/www.legartum.sk\/wp-content\/uploads\/2024\/03\/IMG_0259-819x1024.jpg 819w, https:\/\/www.legartum.sk\/wp-content\/uploads\/2024\/03\/IMG_0259-240x300.jpg 240w, https:\/\/www.legartum.sk\/wp-content\/uploads\/2024\/03\/IMG_0259.jpg 1200w\" sizes=\"auto, (max-width: 819px) 100vw, 819px\" \/><\/div><\/div><\/div><\/div><div class=\"wpb_column vc_column_container us_custom_47474b22 us_animate_this\"><div class=\"vc_column-inner\"><div class=\"wpb_text_column us_custom_9c33410b subtitle\"><div class=\"wpb_wrapper\"><p>Attorney at law<\/p>\n<\/div><\/div><div class=\"wpb_text_column us_custom_934cd3d0 title title-34\"><div class=\"wpb_wrapper\"><p>Mgr. Andrea Ondri\u00e1\u0161ov\u00e1<\/p>\n<\/div><\/div><div class=\"w-image us_custom_a48f891f img_full_mobile hide_on_default hide_on_laptops align_none\"><div class=\"w-image-h\"><img loading=\"lazy\" decoding=\"async\" width=\"1200\" height=\"1500\" src=\"https:\/\/www.legartum.sk\/wp-content\/uploads\/2024\/03\/IMG_0259.jpg\" class=\"attachment-full size-full\" alt=\"\" srcset=\"https:\/\/www.legartum.sk\/wp-content\/uploads\/2024\/03\/IMG_0259.jpg 1200w, https:\/\/www.legartum.sk\/wp-content\/uploads\/2024\/03\/IMG_0259-240x300.jpg 240w, https:\/\/www.legartum.sk\/wp-content\/uploads\/2024\/03\/IMG_0259-819x1024.jpg 819w\" sizes=\"auto, (max-width: 1200px) 100vw, 1200px\" \/><\/div><\/div><div class=\"wpb_text_column us_custom_ee93919f text text-20 normal has_text_color\"><div class=\"wpb_wrapper\"><p style=\"font-weight: 400;\">Andrea has been working in the field of law for over 18 years. She specializes mainly in commercial law, within which she also provides complete representation of clients in registration proceedings, real estate law, construction law, legal relations arising from the international transport of goods. Among her clients are mainly commercial companies of various business orientations operating throughout the Slovak Republic as well as abroad, several real estate agencies operating in Bratislava, as well as natural persons as individuals.<\/p>\n<\/div><\/div><div class=\"wpb_text_column us_custom_3cc9207e text text-16 has_text_color\"><div class=\"wpb_wrapper\"><p style=\"font-weight: 400;\">As a specialist in commercial law, Andrea provides legal advice from the initial planning of business activities, through various registration procedures to subsequent legal advice related to the day-to-day operation of the company. As part of her work, she proposes solutions, sets up processes and makes recommendations on how to deal with legal situations as efficiently as possible.<\/p>\n<\/div><\/div><div class=\"w-hwrapper align_none valign_top wrap\" style=\"--hwrapper-gap:0.6rem\"><div class=\"w-btn-wrapper align_none\"><a class=\"w-btn us-btn-style_4 us_custom_8f2ba1f4 us_animate_this icon_atleft\" title=\"Pr\u00e1vnik linkedin\" href=\"https:\/\/linkedin.com\"><i class=\"fab fa-linkedin-in\"><\/i><span class=\"w-btn-label\">Linkedin<\/span><\/a><\/div><\/div><\/div><\/div><\/div><\/div><\/section><section class=\"l-section wpb_row us_custom_16e5d91b height_medium\"><div class=\"l-section-h i-cf\"><div class=\"g-cols vc_row via_grid cols_2 laptops-cols_inherit tablets-cols_inherit mobiles-cols_1 valign_top type_default stacking_default\"><div class=\"wpb_column vc_column_container us_custom_4a593b65 us_animate_this\"><div class=\"vc_column-inner\"><div class=\"wpb_text_column us_custom_b9d3abf5 text text-18 has_text_color\"><div class=\"wpb_wrapper\"><p style=\"font-weight: 400;\">As part of the provision of legal services to commercial companies, Andrea also covers the area of labour law, including employment disputes, as well as debt recovery and other business-related litigation.<\/p>\n<\/div><\/div><div class=\"wpb_text_column us_custom_47943545 text text-16 has_text_color\"><div class=\"wpb_wrapper\"><p style=\"font-weight: 400;\">In the area of real estate law, Andrea has successfully represented clients in restitution disputes not only against individuals, but also against state institutions, resulting in the return of immovable and movable property of significant value to the original owners and their successors. Andrea has also represented clients in litigation proceedings where she successfully defended clients&#8217;\u00a0 interests against unfair practices of third parties aimed at fraudulent deprivation and removal of assets worth millions of euros.<\/p>\n<\/div><\/div><\/div><\/div><div class=\"wpb_column vc_column_container us_custom_4a593b65 us_animate_this\"><div class=\"vc_column-inner\"><div class=\"wpb_text_column us_custom_4d582c1d text text-16 has_text_color\"><div class=\"wpb_wrapper\"><p style=\"font-weight: 400;\">Outside the business sphere, Andrea also provides legal services within the third sector, where she represents various non-profit organizations and trade unions. It is important to mention her cooperation with \u010clov\u011bk v t\u00edsni, where Andrea advised and represented individuals who suffered extensive property damage as a result of floods and landslides in Eastern Slovakia. She is the author of the Manual for Property Damaged by Natural Disasters.<\/p>\n<\/div><\/div><div class=\"wpb_text_column us_custom_4d582c1d text text-16 has_text_color\"><div class=\"wpb_wrapper\"><p style=\"font-weight: 400;\">Prior to joining LEGARTUM, Andrea worked for a leading Slovak law firm in Bratislava and also provided legal services as an independent attorney.<\/p>\n<\/div><\/div><\/div><\/div><\/div><\/div><\/section><section class=\"l-section wpb_row us_custom_9c7276ff height_auto\"><div class=\"l-section-h i-cf\"><div class=\"g-cols vc_row via_grid cols_2 laptops-cols_inherit tablets-cols_inherit mobiles-cols_1 valign_top type_default stacking_default\" style=\"grid-gap:4rem;\"><div class=\"wpb_column vc_column_container us_custom_ff9d2a2c us_animate_this\"><div class=\"vc_column-inner\"><div class=\"wpb_text_column us_custom_841a98db title title-28 has_text_color\"><div class=\"wpb_wrapper\"><p>Legal specialisations:<\/p>\n<\/div><\/div><div class=\"legartum_services legartum_specializations\">\n                \n                <div class=\"legartum_service legartum_specialization clickbox\">\n                    <div class=\"legartum_service_box\">\n                        <img decoding=\"async\" src=\"https:\/\/www.legartum.sk\/wp-content\/uploads\/2023\/08\/008-money.svg\" alt=\"Business Law\">\n                        <span class=\"text text-16\">Business Law<\/span>\n                    <\/div>\n                    <div class=\"legartum_service_link\">\n                        <span class=\"text text-16\">Business Law<\/span>\n                        <a href=\"https:\/\/legartum.sk\/pravne-sluzby\/obchodne-pravo\/\">READ MORE<\/a>\n                    <\/div>\n                <\/div>\n                <div class=\"legartum_service legartum_specialization clickbox\">\n                    <div class=\"legartum_service_box\">\n                        <img decoding=\"async\" src=\"https:\/\/www.legartum.sk\/wp-content\/uploads\/2023\/08\/009-note.svg\" alt=\"Administrative law and registration proceedings\">\n                        <span class=\"text text-16\">Administrative law and registration proceedings<\/span>\n                    <\/div>\n                    <div class=\"legartum_service_link\">\n                        <span class=\"text text-16\">Administrative law and registration proceedings<\/span>\n                        <a href=\"https:\/\/legartum.sk\/pravne-sluzby\/spravne-pravo-a-registrove-konania\/\">READ MORE<\/a>\n                    <\/div>\n                <\/div>\n                <div class=\"legartum_service legartum_specialization clickbox\">\n                    <div class=\"legartum_service_box\">\n                        <img decoding=\"async\" src=\"https:\/\/www.legartum.sk\/wp-content\/uploads\/2023\/08\/001-key.svg\" alt=\"Real estate law\">\n                        <span class=\"text text-16\">Real estate law<\/span>\n                    <\/div>\n                    <div class=\"legartum_service_link\">\n                        <span class=\"text text-16\">Real estate law<\/span>\n                        <a href=\"\/pravne-sluzby\/pravo-nehnutelnosti\/\">READ MORE<\/a>\n                    <\/div>\n                <\/div>\n                <div class=\"legartum_service legartum_specialization clickbox\">\n                    <div class=\"legartum_service_box\">\n                        <img decoding=\"async\" src=\"https:\/\/www.legartum.sk\/wp-content\/uploads\/2023\/08\/003-bribe.svg\" alt=\"Civil law\">\n                        <span class=\"text text-16\">Civil law<\/span>\n                    <\/div>\n                    <div class=\"legartum_service_link\">\n                        <span class=\"text text-16\">Civil law<\/span>\n                        <a href=\"\/kontakt\/\">READ MORE<\/a>\n                    <\/div>\n                <\/div>\n                <div class=\"legartum_service legartum_specialization clickbox\">\n                    <div class=\"legartum_service_box\">\n                        <img decoding=\"async\" src=\"https:\/\/www.legartum.sk\/wp-content\/uploads\/2023\/08\/007-auction.svg\" alt=\"Debt recovery\">\n                        <span class=\"text text-16\">Debt recovery<\/span>\n                    <\/div>\n                    <div class=\"legartum_service_link\">\n                        <span class=\"text text-16\">Debt recovery<\/span>\n                        <a href=\"https:\/\/legartum.sk\/pravne-sluzby\/vymahanie-pohladavok\/\">READ MORE<\/a>\n                    <\/div>\n                <\/div>\n            <\/div><\/div><\/div><div class=\"wpb_column vc_column_container us_custom_b67ccea8 us_animate_this\"><div class=\"vc_column-inner\"><div class=\"wpb_text_column us_custom_841a98db title title-28 has_text_color\"><div class=\"wpb_wrapper\"><p>Languages:<\/p>\n<\/div><\/div><div class=\"legartum_languages\">\n                \n                <div class=\"legartum_language\">\n                    <img decoding=\"async\" src=\"https:\/\/www.legartum.sk\/wp-content\/uploads\/2023\/08\/Rectangle-16.svg\" alt=\"Pr\u00e1vne slu\u017eby Slovak\" class=\"legartum_language_flag\" \/>\n                    <span class=\"text text-18\">Slovak<\/span>\n                <\/div>\n                <div class=\"legartum_language\">\n                    <img decoding=\"async\" src=\"https:\/\/www.legartum.sk\/wp-content\/uploads\/2023\/08\/Rectangle-17.svg\" alt=\"Pr\u00e1vne slu\u017eby English\" class=\"legartum_language_flag\" \/>\n                    <span class=\"text text-18\">English<\/span>\n                <\/div>\n            <\/div><\/div><\/div><\/div><\/div><\/section><section class=\"l-section wpb_row us_custom_241c77fb height_large\"><div class=\"l-section-h i-cf\"><div class=\"g-cols vc_row via_grid cols_1 laptops-cols_inherit tablets-cols_inherit mobiles-cols_1 valign_top type_default stacking_default\"><div class=\"wpb_column vc_column_container\"><div class=\"vc_column-inner\"><div class=\"wpb_text_column us_custom_7a10dcab title title-28 has_text_color us_animate_this\"><div class=\"wpb_wrapper\"><p>Education:<\/p>\n<\/div><\/div><div class=\"wpb_text_column us_custom_a518f36e us_animate_this\"><div class=\"wpb_wrapper\"><ul>\n<li>\n<p style=\"font-weight: 400;\">Slovak Bar Association (2010), attorney at law<\/p>\n<\/li>\n<li>\n<p style=\"font-weight: 400;\">Comenius University in Bratislava, Faculty of Law (2005),<br \/>\nMgr.<\/p>\n<\/li>\n<\/ul>\n<\/div><\/div><\/div><\/div><\/div><\/div><\/section>\n","protected":false},"excerpt":{"rendered":"Attorney at law Mgr. Andrea Ondri\u00e1\u0161ov\u00e1 Andrea has been working in the field of law for over 18 years. She specializes mainly in commercial law, within which she also provides complete representation of clients in registration proceedings, real estate law, construction law, legal relations arising from the international transport of goods. Among her clients are...","protected":false},"author":1,"featured_media":0,"parent":1235,"menu_order":0,"comment_status":"closed","ping_status":"closed","template":"","meta":{"inline_featured_image":false,"footnotes":""},"class_list":["post-1296","page","type-page","status-publish","hentry"],"acf":[],"_links":{"self":[{"href":"https:\/\/www.legartum.sk\/en\/wp-json\/wp\/v2\/pages\/1296","targetHints":{"allow":["GET"]}}],"collection":[{"href":"https:\/\/www.legartum.sk\/en\/wp-json\/wp\/v2\/pages"}],"about":[{"href":"https:\/\/www.legartum.sk\/en\/wp-json\/wp\/v2\/types\/page"}],"author":[{"embeddable":true,"href":"https:\/\/www.legartum.sk\/en\/wp-json\/wp\/v2\/users\/1"}],"replies":[{"embeddable":true,"href":"https:\/\/www.legartum.sk\/en\/wp-json\/wp\/v2\/comments?post=1296"}],"version-history":[{"count":2,"href":"https:\/\/www.legartum.sk\/en\/wp-json\/wp\/v2\/pages\/1296\/revisions"}],"predecessor-version":[{"id":1298,"href":"https:\/\/www.legartum.sk\/en\/wp-json\/wp\/v2\/pages\/1296\/revisions\/1298"}],"up":[{"embeddable":true,"href":"https:\/\/www.legartum.sk\/en\/wp-json\/wp\/v2\/pages\/1235"}],"wp:attachment":[{"href":"https:\/\/www.legartum.sk\/en\/wp-json\/wp\/v2\/media?parent=1296"}],"curies":[{"name":"wp","href":"https:\/\/api.w.org\/{rel}","templated":true}]}}