{"id":1188,"date":"2023-08-02T14:55:33","date_gmt":"2023-08-02T13:55:33","guid":{"rendered":"https:\/\/www.legartum.sk\/homepage\/"},"modified":"2024-08-22T21:27:44","modified_gmt":"2024-08-22T20:27:44","slug":"homepage","status":"publish","type":"page","link":"https:\/\/www.legartum.sk\/en\/","title":{"rendered":"Homepage"},"content":{"rendered":"<section class=\"l-section wpb_row us_custom_c63bcf40 container height_large full_height valign_center width_custom\" style=\"--site-content-width:1400px;\" id=\"legartum_header\"><div class=\"l-section-h i-cf\"><div class=\"g-cols vc_row via_grid cols_2 laptops-cols_inherit tablets-cols_inherit mobiles-cols_1 valign_middle type_default stacking_default\" style=\"grid-gap:0rem;\"><div class=\"wpb_column vc_column_container us_custom_fbbe44ee\"><div class=\"vc_column-inner\"><div class=\"wpb_text_column us_custom_14e3bf00 title title-67 has_text_color us_animate_this\"><div class=\"wpb_wrapper\"><p>We go in-depth in every collaboration<\/p>\n<\/div><\/div><div class=\"wpb_text_column us_custom_d1b1989c text text-23 has_text_color us_animate_this\"><div class=\"wpb_wrapper\"><p>We know how to swim in treacherous waters. We will always look at your problems.<\/p>\n<\/div><\/div><div class=\"w-btn-wrapper align_none\"><a class=\"w-btn us-btn-style_1 us_custom_ef23dfb8 us_animate_this icon_atright\" title=\"Legal services\" href=\"https:\/\/www.legartum.sk\/en\/services\/\"><span class=\"w-btn-label\">I WANT TO KNOW MORE<\/span><i class=\"fas fa-arrow-right\"><\/i><\/a><\/div><\/div><\/div><div class=\"wpb_column vc_column_container us_custom_8388a161\"><div class=\"vc_column-inner\"><div class=\"w-image us_custom_b5bd4ca3 us_animate_this align_none\"><div class=\"w-image-h\"><img loading=\"lazy\" decoding=\"async\" width=\"754\" height=\"754\" src=\"https:\/\/www.legartum.sk\/wp-content\/uploads\/2023\/08\/legartum-advokatska-kancelaria.png\" class=\"attachment-large size-large\" alt=\"advok\u00e1tska kancel\u00e1ria bratislava\" srcset=\"https:\/\/www.legartum.sk\/wp-content\/uploads\/2023\/08\/legartum-advokatska-kancelaria.png 754w, https:\/\/www.legartum.sk\/wp-content\/uploads\/2023\/08\/legartum-advokatska-kancelaria-300x300.png 300w, https:\/\/www.legartum.sk\/wp-content\/uploads\/2023\/08\/legartum-advokatska-kancelaria-150x150.png 150w\" sizes=\"auto, (max-width: 754px) 100vw, 754px\" \/><\/div><\/div><\/div><\/div><\/div><\/div><\/section><section class=\"l-section wpb_row pattern pattern-bottom-left height_large width_custom\" style=\"--site-content-width:1400px;\"><div class=\"l-section-h i-cf\"><div class=\"g-cols vc_row via_grid cols_1-3 laptops-cols_inherit tablets-cols_inherit mobiles-cols_1 valign_top type_default stacking_default\"><div class=\"wpb_column vc_column_container\"><div class=\"vc_column-inner\"><div class=\"wpb_text_column us_custom_94e909c7 title title-44\"><div class=\"wpb_wrapper\"><p>Why choose <span class=\"violet\">LEGARTUM?<\/span><\/p>\n<\/div><\/div><\/div><\/div><div class=\"wpb_column vc_column_container\"><div class=\"vc_column-inner\"><div class=\"g-cols wpb_row us_custom_4a593b65 legartum_grid_box us_animate_this via_grid cols_3 laptops-cols_inherit tablets-cols_inherit mobiles-cols_1 valign_top type_default stacking_default\" style=\"grid-gap:1.20rem;\"><div class=\"wpb_column vc_column_container\"><div class=\"vc_column-inner\"><div class=\"w-image align_none\"><div class=\"w-image-h\"><img decoding=\"async\" src=\"https:\/\/www.legartum.sk\/wp-content\/uploads\/2023\/08\/businessman.svg\" class=\"attachment-full size-full\" alt=\"\" \/><\/div><\/div><div class=\"wpb_text_column us_custom_58ab7899 text text-16 has_text_color\"><div class=\"wpb_wrapper\"><p>We are a team of attorneys with many years of successful practice<\/p>\n<\/div><\/div><\/div><\/div><div class=\"wpb_column vc_column_container\"><div class=\"vc_column-inner\"><div class=\"w-image align_none\"><div class=\"w-image-h\"><img decoding=\"async\" src=\"https:\/\/www.legartum.sk\/wp-content\/uploads\/2023\/08\/auction-6.svg\" class=\"attachment-full size-full\" alt=\"\" \/><\/div><\/div><div class=\"wpb_text_column us_custom_58ab7899 text text-16 has_text_color\"><div class=\"wpb_wrapper\"><p>We have experience in solving challenging legal problems<\/p>\n<\/div><\/div><\/div><\/div><div class=\"wpb_column vc_column_container\"><div class=\"vc_column-inner\"><div class=\"w-image align_none\"><div class=\"w-image-h\"><img decoding=\"async\" src=\"https:\/\/www.legartum.sk\/wp-content\/uploads\/2023\/08\/002-briefcase.svg\" class=\"attachment-full size-full\" alt=\"\" \/><\/div><\/div><div class=\"wpb_text_column us_custom_58ab7899 text text-16 has_text_color\"><div class=\"wpb_wrapper\"><p>We cooperate with specialists from different fields<\/p>\n<\/div><\/div><\/div><\/div><\/div><div class=\"g-cols wpb_row us_custom_dc3b3a0b legartum_grid_box us_animate_this via_grid cols_3 laptops-cols_inherit tablets-cols_inherit mobiles-cols_1 valign_top type_default stacking_default\" style=\"grid-gap:1.20rem;\"><div class=\"wpb_column vc_column_container\"><div class=\"vc_column-inner\"><div class=\"w-image align_none\"><div class=\"w-image-h\"><img decoding=\"async\" src=\"https:\/\/www.legartum.sk\/wp-content\/uploads\/2023\/08\/001-iceberg.svg\" class=\"attachment-full size-full\" alt=\"\" \/><\/div><\/div><div class=\"wpb_text_column us_custom_58ab7899 text text-16 has_text_color\"><div class=\"wpb_wrapper\"><p>We go in-depth in every collaboration<\/p>\n<\/div><\/div><\/div><\/div><div class=\"wpb_column vc_column_container\"><div class=\"vc_column-inner\"><div class=\"w-image align_none\"><div class=\"w-image-h\"><img decoding=\"async\" src=\"https:\/\/www.legartum.sk\/wp-content\/uploads\/2023\/08\/dart.svg\" class=\"attachment-full size-full\" alt=\"\" \/><\/div><\/div><div class=\"wpb_text_column us_custom_58ab7899 text text-16 has_text_color\"><div class=\"wpb_wrapper\"><p>We focus on pro-business solutions<\/p>\n<\/div><\/div><\/div><\/div><div class=\"wpb_column vc_column_container\"><div class=\"vc_column-inner\"><div class=\"w-image align_none\"><div class=\"w-image-h\"><img decoding=\"async\" src=\"https:\/\/www.legartum.sk\/wp-content\/uploads\/2023\/08\/group-chat.svg\" class=\"attachment-full size-full\" alt=\"\" \/><\/div><\/div><div class=\"wpb_text_column us_custom_58ab7899 text text-16 has_text_color\"><div class=\"wpb_wrapper\"><p>We have a stable portfolio of satisfied clients<\/p>\n<\/div><\/div><\/div><\/div><\/div><div class=\"wpb_text_column us_custom_36d79f50 text text-18 us_animate_this\"><div class=\"wpb_wrapper\"><p>Since 2014, we have been building our<strong> law firm <\/strong><strong class=\"violet\">LEGARTUM s.r.o.<\/strong> on the satisfaction of our clients, who have continued to spread the good name of our law firm and pass on the news of our excellent<br \/>\nresults to their loved ones, acquaintances and business partners. In our work, client satisfaction always comes first, which is why we place emphasis on communication, promptness, professional and highly professional approach.<\/p>\n<\/div><\/div><\/div><\/div><\/div><\/div><\/section><section class=\"l-section wpb_row us_custom_31a23fc0 pattern pattern-bottom-right-big height_large width_full\"><div class=\"l-section-h i-cf\"><div class=\"g-cols vc_row via_grid cols_1 laptops-cols_inherit tablets-cols_inherit mobiles-cols_1 valign_top type_default stacking_default\"><div class=\"wpb_column vc_column_container us_custom_4a593b65 us_animate_this\"><div class=\"vc_column-inner\"><div class=\"wpb_text_column us_custom_99e7b302 title title-44\"><div class=\"wpb_wrapper\"><p>What are <span class=\"violet\">our principles?<\/span><\/p>\n<\/div><\/div><div class=\"legartum_principles swiper\">\n                <div class=\"legartum_principles_wrapper swiper-wrapper\">\n                \n                <div class=\"legartum_principle swiper-slide\">\n                    <span class=\"title title-28\"><span class=\"violet\">We inform <\/span> and explain<\/br><\/span>\n                    <span class=\"text text-16\">our priority is that you understand the solutions we propose and have an overview of the agreed steps, expected duration, costs and status of your case at each stage.<\/span>\n                <\/div>\n                <div class=\"legartum_principle swiper-slide\">\n                    <span class=\"title title-28\"><span class=\"violet\">We act <\/span> transparently<\/br><\/span>\n                    <span class=\"text text-16\">we approach the provision of legal services in principle only after agreeing the scope of services to be provided and the fee, so you always know in advance what you can expect to be invoiced for our services.<\/span>\n                <\/div>\n                <div class=\"legartum_principle swiper-slide\">\n                    <span class=\"title title-28\"><span class=\"violet\">We simplify <\/span>the complicated<\/br><\/span>\n                    <span class=\"text text-16\">we understand that navigating the legal language can often be difficult, so we try to explain the legal issue so that you always understand the proposed steps and are able to make the right decision.<\/span>\n                <\/div>\n                <div class=\"legartum_principle swiper-slide\">\n                    <span class=\"title title-28\"><span class=\"violet\">We turn a disadvantage <\/span> into an advantage<\/br><\/span>\n                    <span class=\"text text-16\">we go in-depth every time we work with you, we look at your case holistically, and we can turn seemingly unfavorable situations into a position where you will be at an advantage.<\/span>\n                <\/div>\n                <div class=\"legartum_principle swiper-slide\">\n                    <span class=\"title title-28\"><span class=\"violet\">We know your <\/span> opponent<\/br><\/span>\n                    <span class=\"text text-16\">before we suggest a course of action, we find out all the necessary information about the opposing party or business partner. We monitor your debtors and the status of their assets during the case to eliminate any risk of failure or surprise.<\/span>\n                <\/div>\n                <div class=\"legartum_principle swiper-slide\">\n                    <span class=\"title title-28\"><span class=\"violet\">We act <\/span> promptly<\/br><\/span>\n                    <span class=\"text text-16\">we do not postpone the resolution of cases, we deal with cases promptly and efficiently, without unnecessary delays. The date we agree is binding for us.<\/span>\n                <\/div>\n                <div class=\"legartum_principle swiper-slide\">\n                    <span class=\"title title-28\"><span class=\"violet\">We are interested <\/span><\/br>in news<\/span>\n                    <span class=\"text text-16\">we are interested in current events, changing legislation and court decisions. With us you are always in the know, we know how to swim in treacherous waters.<\/span>\n                <\/div>\n                <div class=\"legartum_principle swiper-slide\">\n                    <span class=\"title title-28\"><span class=\"violet\">We see law <\/span><\/br>as a mission<\/span>\n                    <span class=\"text text-16\">we see our work as a mission and that's why we take extra care of you. We give importance and priority to solutions; we do not take any case lightly.<\/span>\n                <\/div>\n                <\/div>\n                <div class=\"swiper-nav\">\n                    <div class=\"swipe button-prev\"><\/div>\n                    <div class=\"swipe button-next\"><\/div>\n                <\/div>\n            <\/div><div class=\"w-btn-wrapper align_center\"><a class=\"w-btn us-btn-style_3 us_custom_a2d75658 icon_atright\" title=\"Our team of attorneys\" href=\"https:\/\/www.legartum.sk\/en\/our-team\/\"><span class=\"w-btn-label\">READ MORE ABOUT US<\/span><i class=\"fas fa-arrow-right\"><\/i><\/a><\/div><\/div><\/div><\/div><\/div><\/section><section class=\"l-section wpb_row us_custom_75afb62b justify-start height_large full_height valign_center width_custom\" style=\"--site-content-width:1400px;\"><div class=\"l-section-h i-cf\"><div class=\"g-cols vc_row via_grid cols_1 laptops-cols_inherit tablets-cols_inherit mobiles-cols_1 valign_top type_default stacking_default\"><div class=\"wpb_column vc_column_container\"><div class=\"vc_column-inner\"><div class=\"wpb_text_column us_custom_f88073e5 title title-44 us_animate_this\"><div class=\"wpb_wrapper\"><p>Foreign <span class=\"violet\">cooperation<\/span><\/p>\n<\/div><\/div><div class=\"wpb_text_column us_custom_a5935dd2 text text-18 us_animate_this\"><div class=\"wpb_wrapper\"><p>We work closely with <em>foreign colleagues<\/em>, especially in<strong> Belgium, the Netherlands, France, Germany and Austria<\/strong>. However, we can also help you in the <strong>Czech Republic<\/strong>, <strong>Hungary<\/strong>, <strong>Poland <\/strong>and <strong>Romania<\/strong>. In providing legal services, we create an environment of cross-border cooperation and mutual support. We provide legal services in Slovak, Czech, English, Hungarian, German and Ukrainian.<\/p>\n<\/div><\/div><\/div><\/div><\/div><\/div><\/section><section class=\"l-section wpb_row us_custom_4fb9e5a3 height_medium\"><div class=\"l-section-h i-cf\"><div class=\"g-cols vc_row via_grid cols_1 laptops-cols_inherit tablets-cols_inherit mobiles-cols_1 valign_top type_default stacking_default\"><div class=\"wpb_column vc_column_container\"><div class=\"vc_column-inner\"><div class=\"wpb_text_column us_custom_299946b6 title title-44 us_animate_this\"><div class=\"wpb_wrapper\"><p>References<\/p>\n<\/div><\/div><div class=\"legartum_reference swiper\">\n                <div class=\"legartum_reference_wrapper swiper-wrapper\">\n                \n\t\t\t\t\t<div class=\"legartum_reference_item swiper-slide clickbox\">\n\t\t\t\t\t\t<img decoding=\"async\" src=\"https:\/\/www.legartum.sk\/wp-content\/uploads\/2023\/08\/Cesmad_logo_text-1.png\" alt=\"Pr\u00e1vne slu\u017eby pre \u010desmad\" \/>\n\t\t\t\t\t\t<a href=\"https:\/\/www.cesmad.sk\/\" class=\"hidden\" target=\"_blank\"><\/a>\n\t\t\t\t\t<\/div>\n\t\t\t\t\t<div class=\"legartum_reference_item swiper-slide clickbox\">\n\t\t\t\t\t\t<img decoding=\"async\" src=\"https:\/\/www.legartum.sk\/wp-content\/uploads\/2023\/08\/interkontakt_logo.png\" alt=\"Interkontakt pr\u00e1vne slu\u017eby\" \/>\n\t\t\t\t\t\t<a href=\"https:\/\/www.interkontakt.sk\/\" class=\"hidden\" target=\"_blank\"><\/a>\n\t\t\t\t\t<\/div>\n\t\t\t\t\t<div class=\"legartum_reference_item swiper-slide clickbox\">\n\t\t\t\t\t\t<img decoding=\"async\" src=\"https:\/\/www.legartum.sk\/wp-content\/uploads\/2023\/08\/harmony-residence-logo.svg\" alt=\"Harmony Residence\" \/>\n\t\t\t\t\t\t<a href=\"https:\/\/harmonyresidence.sk\/\" class=\"hidden\" target=\"_blank\"><\/a>\n\t\t\t\t\t<\/div>\n\t\t\t\t\t<div class=\"legartum_reference_item swiper-slide clickbox\">\n\t\t\t\t\t\t<img decoding=\"async\" src=\"https:\/\/www.legartum.sk\/wp-content\/uploads\/2023\/08\/is-Services.png\" alt=\"Is services pr\u00e1vne zastupovanie\" \/>\n\t\t\t\t\t\t<a href=\"https:\/\/www.iservices.sk\/\" class=\"hidden\" target=\"_blank\"><\/a>\n\t\t\t\t\t<\/div>\n\t\t\t\t\t<div class=\"legartum_reference_item swiper-slide clickbox\">\n\t\t\t\t\t\t<img decoding=\"async\" src=\"https:\/\/www.legartum.sk\/wp-content\/uploads\/2023\/08\/rotox-logo.svg\" alt=\"Rotox advok\u00e1tske slu\u017eby\" \/>\n\t\t\t\t\t\t<a href=\"https:\/\/www.rotox.com\/sk\/\" class=\"hidden\" target=\"_blank\"><\/a>\n\t\t\t\t\t<\/div>\n\t\t\t\t\t<div class=\"legartum_reference_item swiper-slide clickbox\">\n\t\t\t\t\t\t<img decoding=\"async\" src=\"https:\/\/www.legartum.sk\/wp-content\/uploads\/2023\/08\/logo_Trans-300x146-removebg-preview.png\" alt=\"Pr\u00e1vny z\u00e1stupca\" \/>\n\t\t\t\t\t\t<a href=\"#\" class=\"hidden\" target=\"_blank\"><\/a>\n\t\t\t\t\t<\/div>\n\t\t\t\t\t<div class=\"legartum_reference_item swiper-slide clickbox\">\n\t\t\t\t\t\t<img decoding=\"async\" src=\"https:\/\/www.legartum.sk\/wp-content\/uploads\/2023\/08\/Sk_service_final_version_krivky-02.png\" alt=\"Advok\u00e1tska kancel\u00e1ria\" \/>\n\t\t\t\t\t\t<a href=\"#\" class=\"hidden\" target=\"_blank\"><\/a>\n\t\t\t\t\t<\/div>\n\t\t\t\t\t<div class=\"legartum_reference_item swiper-slide clickbox\">\n\t\t\t\t\t\t<img decoding=\"async\" src=\"https:\/\/www.legartum.sk\/wp-content\/uploads\/2023\/10\/Cesmad_logo_text-1@2x.png\" alt=\"\" \/>\n\t\t\t\t\t\t<a href=\"http:\/\/daton.sk\" class=\"hidden\" target=\"_blank\"><\/a>\n\t\t\t\t\t<\/div>\n\t\t\t\t\t<div class=\"legartum_reference_item swiper-slide clickbox\">\n\t\t\t\t\t\t<img decoding=\"async\" src=\"https:\/\/www.legartum.sk\/wp-content\/uploads\/2023\/10\/Harmony-Residence-1@2x.png\" alt=\"\" \/>\n\t\t\t\t\t\t<a href=\"#\" class=\"hidden\" target=\"_blank\"><\/a>\n\t\t\t\t\t<\/div>\n\t\t\t\t\t<div class=\"legartum_reference_item swiper-slide clickbox\">\n\t\t\t\t\t\t<img decoding=\"async\" src=\"https:\/\/www.legartum.sk\/wp-content\/uploads\/2023\/10\/accent_real_logo.png\" alt=\"\" \/>\n\t\t\t\t\t\t<a href=\"https:\/\/www.accentreal.sk\" class=\"hidden\" target=\"_blank\"><\/a>\n\t\t\t\t\t<\/div>\n\t\t\t\t\t<div class=\"legartum_reference_item swiper-slide clickbox\">\n\t\t\t\t\t\t<img decoding=\"async\" src=\"https:\/\/www.legartum.sk\/wp-content\/uploads\/2023\/10\/iS-iServices-blue-1@2x.png\" alt=\"\" \/>\n\t\t\t\t\t\t<a href=\"https:\/\/exterierstav.sk\" class=\"hidden\" target=\"_blank\"><\/a>\n\t\t\t\t\t<\/div>\n\t\t\t\t\t<div class=\"legartum_reference_item swiper-slide clickbox\">\n\t\t\t\t\t\t<img decoding=\"async\" src=\"https:\/\/www.legartum.sk\/wp-content\/uploads\/2023\/10\/ocny_optik.png\" alt=\"\" \/>\n\t\t\t\t\t\t<a href=\"https:\/\/ocnyoptik.sk\" class=\"hidden\" target=\"_blank\"><\/a>\n\t\t\t\t\t<\/div>\n\t\t\t\t\t<div class=\"legartum_reference_item swiper-slide clickbox\">\n\t\t\t\t\t\t<img decoding=\"async\" src=\"https:\/\/www.legartum.sk\/wp-content\/uploads\/2023\/10\/TransMoto@2x.png\" alt=\"\" \/>\n\t\t\t\t\t\t<a href=\"http:\/\/www.stapopraha.eu\" class=\"hidden\" target=\"_blank\"><\/a>\n\t\t\t\t\t<\/div>\n                <\/div>\n                <div class=\"swiper-pagination\"><\/div>\n            <\/div><\/div><\/div><\/div><\/div><\/section>\n","protected":false},"excerpt":{"rendered":"We go in-depth in every collaboration We know how to swim in treacherous waters. We will always look at your problems. I WANT TO KNOW MOREWhy choose LEGARTUM? We are a team of attorneys with many years of successful practice We have experience in solving challenging legal problems We cooperate with specialists from different fields...","protected":false},"author":1,"featured_media":0,"parent":0,"menu_order":0,"comment_status":"closed","ping_status":"closed","template":"","meta":{"inline_featured_image":false,"footnotes":""},"class_list":["post-1188","page","type-page","status-publish","hentry"],"acf":[],"_links":{"self":[{"href":"https:\/\/www.legartum.sk\/en\/wp-json\/wp\/v2\/pages\/1188","targetHints":{"allow":["GET"]}}],"collection":[{"href":"https:\/\/www.legartum.sk\/en\/wp-json\/wp\/v2\/pages"}],"about":[{"href":"https:\/\/www.legartum.sk\/en\/wp-json\/wp\/v2\/types\/page"}],"author":[{"embeddable":true,"href":"https:\/\/www.legartum.sk\/en\/wp-json\/wp\/v2\/users\/1"}],"replies":[{"embeddable":true,"href":"https:\/\/www.legartum.sk\/en\/wp-json\/wp\/v2\/comments?post=1188"}],"version-history":[{"count":6,"href":"https:\/\/www.legartum.sk\/en\/wp-json\/wp\/v2\/pages\/1188\/revisions"}],"predecessor-version":[{"id":1429,"href":"https:\/\/www.legartum.sk\/en\/wp-json\/wp\/v2\/pages\/1188\/revisions\/1429"}],"wp:attachment":[{"href":"https:\/\/www.legartum.sk\/en\/wp-json\/wp\/v2\/media?parent=1188"}],"curies":[{"name":"wp","href":"https:\/\/api.w.org\/{rel}","templated":true}]}}